{"id":168,"date":"2017-03-11T22:57:12","date_gmt":"2017-03-11T21:57:12","guid":{"rendered":"https:\/\/www.dagmartin.de\/?page_id=168"},"modified":"2021-08-16T07:21:33","modified_gmt":"2021-08-16T05:21:33","slug":"spenden","status":"publish","type":"page","link":"https:\/\/dagmartin.de\/de_de\/spenden\/","title":{"rendered":"Spenden"},"content":{"rendered":"<div class=\"wpb-content-wrapper\"><div data-vc-full-width=\"true\" data-vc-full-width-init=\"false\" class=\"vc_row element-row row vc_custom_1490133619901 highend_vc_custom_1490133619901\"><div class=\"fw-content-wrap\"><div class=\"vc_row\"><div class=\"wpb_column vc_column_container vc_col-sm-12 vc_col-has-fill hb-animate-element hb-fade-in\"><div class=\"vc_column-inner vc_custom_1489265456557\"><div class=\"wpb_wrapper\"><h3 style=\"font-size: 48px;color: #ffffff;line-height: 56px;text-align: center;font-family:Playfair Display;font-weight:400;font-style:normal\" class=\"vc_custom_heading vc_custom_1489273732443\" >SPENDEN<\/h3><p style=\"font-size: 22px;color: #e8f2f4;line-height: 32px;text-align: center;font-family:Roboto;font-weight:300;font-style:normal\" class=\"vc_custom_heading\" >werde Teil der Geschichte<\/p><div class=\"vc_row element-row vc_inner row\"><div class=\"wpb_column vc_column_container vc_col-sm-4\"><div class=\"vc_column-inner\"><div class=\"wpb_wrapper\">\n\t<div class=\"wpb_text_column wpb_content_element\" >\n\t\t<div class=\"wpb_wrapper\">\n\t\t\t<p><img loading=\"lazy\" decoding=\"async\" class=\"size-full wp-image-172 aligncenter\" src=\"https:\/\/dagmartin.de\/wp-content\/uploads\/2017\/03\/Sepa.png\" alt=\"Spenden\" width=\"100\" height=\"100\" \/><\/p>\n\n\t\t<\/div>\n\t<\/div>\n<p style=\"font-size: 22px;color: #ffffff;line-height: 32px;text-align: center;font-family:Roboto;font-weight:500;font-style:normal\" class=\"vc_custom_heading\" >Sepa Lastschrift<\/p>\n\t<div class=\"wpb_text_column wpb_content_element\" >\n\t\t<div class=\"wpb_wrapper\">\n\t\t\t<p style=\"text-align: center;\"><span style=\"color: #ffffff;\"> Eine Sepa Lastschrift kannst du ganz bequem \u00fcber die Online spenden Seite der VM-International einrichten. Klicke dazu unten auf den Button. Auf der Spendenseite w\u00e4hle als Zahlungsart SEPA aus und vergewissere dich, dass das Projekt 140 dort angegeben ist.<\/p>\n\n\t\t<\/div>\n\t<\/div>\n<div class=\"vc_btn3-container vc_btn3-center vc_do_btn\" ><a class=\"vc_general vc_btn3 vc_btn3-size-sm vc_btn3-shape-round vc_btn3-style-classic vc_btn3-icon-left vc_btn3-color-primary\" href=\"https:\/\/www.vm-int.de\/online-spenden\/?fb_item_id_fix=12271\" title=\"Sepa-Formular\"><i class=\"vc_btn3-icon \"><\/i> Online SEPA<\/a><\/div><\/div><\/div><\/div><div class=\"wpb_column vc_column_container vc_col-sm-4\"><div class=\"vc_column-inner\"><div class=\"wpb_wrapper\">\n\t<div class=\"wpb_text_column wpb_content_element\" >\n\t\t<div class=\"wpb_wrapper\">\n\t\t\t<p><img loading=\"lazy\" decoding=\"async\" class=\"size-full wp-image-173 aligncenter\" src=\"https:\/\/dagmartin.de\/wp-content\/uploads\/2017\/03\/Ueberweisung.png\" alt=\"Spenden\" width=\"100\" height=\"100\" \/><\/p>\n\n\t\t<\/div>\n\t<\/div>\n<p style=\"font-size: 22px;color: #ffffff;line-height: 32px;text-align: center;font-family:Roboto;font-weight:500;font-style:normal\" class=\"vc_custom_heading\" >\u00dcberweisung\/\u00adDauerauftrag<\/p>\n\t<div class=\"wpb_text_column wpb_content_element\" >\n\t\t<div class=\"wpb_wrapper\">\n\t\t\t<p><\/span><\/p>\n<p style=\"text-align: center;\"><span style=\"color: #ffffff;\"><strong>Spendenkonto:<\/strong><\/span><\/p>\n<p style=\"text-align: center;\"><span style=\"color: #ffffff;\">VM-International e.V<\/span><br \/>\n<span style=\"color: #ffffff;\">Bank f\u00fcr Sozialwirtschaft<\/span><br \/>\n<span style=\"color: #ffffff;\">BIC: BFSWDE33XXX<\/span><br \/>\n<span style=\"color: #ffffff;\">IBAN: DE85 3702 0500 0001 3599 00<\/span><br \/>\n<span style=\"color: #ffffff;\"><strong>Verwendungszweck: Projekt 140, Koerber<\/strong><\/span><\/p>\n\n\t\t<\/div>\n\t<\/div>\n<div class=\"vc_btn3-container vc_btn3-center vc_do_btn\" ><a class=\"vc_general vc_btn3 vc_btn3-size-sm vc_btn3-shape-round vc_btn3-style-classic vc_btn3-icon-left vc_btn3-color-primary\" href=\"https:\/\/dagmartin.de\/wp-content\/uploads\/2021\/02\/Ueberweisungstraeger.pdf\" title=\"\u00dcberweisungstr\u00e4ger\"><i class=\"vc_btn3-icon \"><\/i> \u00dcberweisungstr\u00e4ger<\/a><\/div><\/div><\/div><\/div><div class=\"wpb_column vc_column_container vc_col-sm-4\"><div class=\"vc_column-inner\"><div class=\"wpb_wrapper\">\n\t<div class=\"wpb_text_column wpb_content_element\" >\n\t\t<div class=\"wpb_wrapper\">\n\t\t\t<p><img loading=\"lazy\" decoding=\"async\" class=\"size-full wp-image-171 aligncenter\" src=\"https:\/\/dagmartin.de\/wp-content\/uploads\/2017\/03\/Paypal.png\" alt=\"Spenden\" width=\"100\" height=\"100\" \/><\/p>\n\n\t\t<\/div>\n\t<\/div>\n<p style=\"font-size: 22px;color: #ffffff;line-height: 32px;text-align: center;font-family:Roboto;font-weight:500;font-style:normal\" class=\"vc_custom_heading\" >Online Spenden<\/p>\n\t<div class=\"wpb_text_column wpb_content_element\" >\n\t\t<div class=\"wpb_wrapper\">\n\t\t\t<p style=\"text-align: center;\"><span style=\"color: #ffffff;\">Online spenden kannst du ganz beqeum \u00fcber den Button &#8222;ONLINE SPENDEN&#8220; t\u00e4tigen.\u00a0Du wirst auf die Webseite der Velberter Mission weitergeleitet, wo du das Formular ausf\u00fcllen, deine Zahlart w\u00e4hlen und dann deine Spende t\u00e4tigen kannst. Wichtig: Auch hier wieder: Verwendungszweck:\u00a0 \u201eProjekt 140, Koerber\u201c eintragen.\u00a0<\/span><\/p>\n\n\t\t<\/div>\n\t<\/div>\n<div class=\"vc_btn3-container vc_btn3-center vc_do_btn\" ><a class=\"vc_general vc_btn3 vc_btn3-size-sm vc_btn3-shape-round vc_btn3-style-classic vc_btn3-icon-left vc_btn3-color-primary\" href=\"https:\/\/www.vm-int.de\/online-spenden\/?fb_item_id_fix=12271\" title=\"Online Spenden\" target=\"_blank\"><i class=\"vc_btn3-icon \"><\/i> Online spenden<\/a><\/div><\/div><\/div><\/div><\/div><\/div><\/div><\/div><style type=\"text\/css\">.highend_vc_custom_1490133619901{background-color: #223748;}<\/style><\/div><\/div><\/div><div class=\"vc_row-full-width vc_clearfix\"><\/div><div data-vc-full-width=\"true\" data-vc-full-width-init=\"false\" class=\"vc_row element-row row vc_custom_1489256019331 highend_vc_custom_1489256019331\"><div class=\"fw-content-wrap\"><div class=\"vc_row\"><div class=\"wpb_column vc_column_container vc_col-sm-12 hb-animate-element hb-fade-in\"><div class=\"vc_column-inner vc_custom_1467299366330\"><div class=\"wpb_wrapper\"><h3 style=\"font-size: 48px;color: #222222;line-height: 56px;text-align: center;font-family:Playfair Display;font-weight:400;font-style:normal\" class=\"vc_custom_heading vc_custom_1489273832833\" >Wie geht es weiter?<\/h3><p style=\"font-size: 22px;color: #707070;line-height: 32px;text-align: center;font-family:Roboto;font-weight:300;font-style:normal\" class=\"vc_custom_heading\" >Spendenbest\u00e4tigung und Kontakt<\/p><div class=\"shortcode-wrapper shortcode-spacer clearfix\"><div class=\"spacer\" style=\"height:40px;\"><\/div><\/div><div class=\"vc_row element-row vc_inner row vc_custom_1618793050492\"><div class=\"wpb_column vc_column_container vc_col-sm-6\"><div class=\"vc_column-inner vc_custom_1489255682407\"><div class=\"wpb_wrapper\"><p style=\"font-size: 22px;color: #063982;line-height: 32px;text-align: left;font-family:Playfair Display;font-weight:400;font-style:normal\" class=\"vc_custom_heading\" >Spendenbest\u00e4tigung<\/p>\n\t<div class=\"wpb_text_column wpb_content_element\" >\n\t\t<div class=\"wpb_wrapper\">\n\t\t\t<p>Nach Abschluss des Kalenderjahres versendet die VM-International unaufgefordert eine Spendenbest\u00e4tigung, mit welcher der gespendete Betrag steuerlich geltend gemacht werden kann. Die Arbeit der VM-International ist als steuerbeg\u00fcnstigt anerkannt.<\/p>\n\n\t\t<\/div>\n\t<\/div>\n<p style=\"font-size: 22px;color: #063982;line-height: 32px;text-align: left;font-family:Playfair Display;font-weight:400;font-style:normal\" class=\"vc_custom_heading\" >Noch Fragen?<\/p>\n\t<div class=\"wpb_text_column wpb_content_element\" >\n\t\t<div class=\"wpb_wrapper\">\n\t\t\t<p>Gerne beantworten wir Fragen in einem pers\u00f6nlichen Gespr\u00e4ch oder auch schriftlich und lassen dir Informationen (Flyer, Newsletter usw.) \u00fcber unser Projekt zukommen.<\/p>\n\n\t\t<\/div>\n\t<\/div>\n<div class=\"vc_btn3-container vc_btn3-center vc_do_btn\" ><a class=\"vc_general vc_btn3 vc_btn3-size-sm vc_btn3-shape-round vc_btn3-style-classic vc_btn3-color-primary\" href=\"https:\/\/dagmartin.de\/kontakt\/\" title=\"\">Kontakt<\/a><\/div>\n\t<div class=\"wpb_text_column wpb_content_element\" >\n\t\t<div class=\"wpb_wrapper\">\n\t\t\t\n\t\t<\/div>\n\t<\/div>\n<\/div><\/div><\/div><div class=\"wpb_column vc_column_container vc_col-sm-6\"><div class=\"vc_column-inner\"><div class=\"wpb_wrapper\"><div class=\"hb-no-frame  hb-max-80 \"><span><a><img loading=\"lazy\" decoding=\"async\" src=\"https:\/\/dagmartin.de\/wp-content\/uploads\/2017\/03\/maedchen.png\" width=\"588\" height=\"667\" alt=\"Image\"\/><\/a><\/span><\/div><\/div><\/div><\/div><\/div><\/div><\/div><\/div><\/div><\/div><\/div><div class=\"vc_row-full-width vc_clearfix\"><\/div><div class=\"vc_row element-row row highend_69f38d2fcac77\"><div class=\"wpb_column vc_column_container vc_col-sm-6\"><div class=\"vc_column-inner\"><div class=\"wpb_wrapper\"><\/div><\/div><\/div><div class=\"wpb_column vc_column_container vc_col-sm-6\"><div class=\"vc_column-inner\"><div class=\"wpb_wrapper\"><\/div><\/div><\/div><\/div>\n<\/div>","protected":false},"excerpt":{"rendered":"SPENDENwerde Teil der Geschichte Sepa Lastschrift Eine Sepa Lastschrift kannst du ganz bequem \u00fcber die Online spenden Seite der VM-International [...]","protected":false},"author":1,"featured_media":0,"parent":0,"menu_order":0,"comment_status":"closed","ping_status":"closed","template":"","meta":{"footnotes":""},"class_list":["post-168","page","type-page","status-publish","hentry"],"_links":{"self":[{"href":"https:\/\/dagmartin.de\/de_de\/wp-json\/wp\/v2\/pages\/168","targetHints":{"allow":["GET"]}}],"collection":[{"href":"https:\/\/dagmartin.de\/de_de\/wp-json\/wp\/v2\/pages"}],"about":[{"href":"https:\/\/dagmartin.de\/de_de\/wp-json\/wp\/v2\/types\/page"}],"author":[{"embeddable":true,"href":"https:\/\/dagmartin.de\/de_de\/wp-json\/wp\/v2\/users\/1"}],"replies":[{"embeddable":true,"href":"https:\/\/dagmartin.de\/de_de\/wp-json\/wp\/v2\/comments?post=168"}],"version-history":[{"count":2,"href":"https:\/\/dagmartin.de\/de_de\/wp-json\/wp\/v2\/pages\/168\/revisions"}],"predecessor-version":[{"id":725,"href":"https:\/\/dagmartin.de\/de_de\/wp-json\/wp\/v2\/pages\/168\/revisions\/725"}],"wp:attachment":[{"href":"https:\/\/dagmartin.de\/de_de\/wp-json\/wp\/v2\/media?parent=168"}],"curies":[{"name":"wp","href":"https:\/\/api.w.org\/{rel}","templated":true}]}}