{"id":5,"date":"2016-06-28T21:24:33","date_gmt":"2016-06-28T21:24:33","guid":{"rendered":"http:\/\/hb-themes.com\/themes\/highend\/life-coach\/?page_id=5"},"modified":"2024-07-28T23:32:04","modified_gmt":"2024-07-28T21:32:04","slug":"home","status":"publish","type":"page","link":"https:\/\/dagmartin.de\/en\/","title":{"rendered":"Home"},"content":{"rendered":"<div class=\"wpb-content-wrapper\"><div data-vc-full-width=\"true\" data-vc-full-width-init=\"false\" class=\"vc_row element-row row vc_custom_1467189617853 highend_vc_custom_1467189617853\"><div class=\"fw-content-wrap\"><div class=\"vc_row\"><div class=\"wpb_column vc_column_container vc_col-sm-4 vc_hidden-xs vc_col-has-fill hb-animate-element hb-fade-in\"><div class=\"vc_column-inner vc_custom_1489787776807\"><div class=\"wpb_wrapper\">\n\t<div class=\"wpb_text_column wpb_content_element\" >\n\t\t<div class=\"wpb_wrapper\">\n\t\t\t<p><img loading=\"lazy\" decoding=\"async\" class=\"size-full wp-image-81 aligncenter\" src=\"https:\/\/dagmartin.de\/wp-content\/uploads\/2016\/06\/ccmp.png\" alt=\"Short Update 08-2024\" width=\"100\" height=\"100\" \/><\/p>\n\n\t\t<\/div>\n\t<\/div>\n<p style=\"font-size: 22px;color: #ffffff;line-height: 32px;text-align: center;font-family:Roboto;font-weight:500;font-style:normal\" class=\"vc_custom_heading\" >Frauen &amp; Kinder<\/p>\n\t<div class=\"wpb_text_column wpb_content_element hb-max-80\" >\n\t\t<div class=\"wpb_wrapper\">\n\t\t\t<p style=\"text-align: center;\"><span style=\"color: #ffffff;\">Wir unterst\u00fctzen YouShine bei ihrer Arbeit mit Frauen aus der Prostituion \u00a0und mit Kindern und Familien in den Armenvierteln.<\/span><\/p>\n\n\t\t<\/div>\n\t<\/div>\n<\/div><\/div><\/div><div data-delay=\"150\" class=\"wpb_column vc_column_container vc_col-sm-4 hb-animate-element hb-fade-in\"><div class=\"vc_column-inner vc_custom_1489787798957\"><div class=\"wpb_wrapper\">\n\t<div class=\"wpb_text_column wpb_content_element\" >\n\t\t<div class=\"wpb_wrapper\">\n\t\t\t<p><img loading=\"lazy\" decoding=\"async\" class=\"aligncenter wp-image-509\" src=\"https:\/\/dagmartin.de\/wp-content\/uploads\/2019\/10\/Logo-VM-International-bisher-Velberter-Mission-weiss-1024x678.png\" alt=\"Short Update 08-2024\" width=\"151\" height=\"100\" srcset=\"https:\/\/dagmartin.de\/wp-content\/uploads\/2019\/10\/Logo-VM-International-bisher-Velberter-Mission-weiss-1024x678.png 1024w, https:\/\/dagmartin.de\/wp-content\/uploads\/2019\/10\/Logo-VM-International-bisher-Velberter-Mission-weiss-300x199.png 300w, https:\/\/dagmartin.de\/wp-content\/uploads\/2019\/10\/Logo-VM-International-bisher-Velberter-Mission-weiss-768x508.png 768w, https:\/\/dagmartin.de\/wp-content\/uploads\/2019\/10\/Logo-VM-International-bisher-Velberter-Mission-weiss.png 1502w\" sizes=\"auto, (max-width: 151px) 100vw, 151px\" \/><\/p>\n\n\t\t<\/div>\n\t<\/div>\n<p style=\"font-size: 22px;color: #ffffff;line-height: 32px;text-align: center;font-family:Roboto;font-weight:500;font-style:normal\" class=\"vc_custom_heading\" >VM-International<\/p>\n\t<div class=\"wpb_text_column wpb_content_element hb-max-80\" >\n\t\t<div class=\"wpb_wrapper\">\n\t\t\t<p style=\"text-align: center;\"><span style=\"color: #ffffff;\">We are missionaries of VM-International and work in Manila in the Philippines in children &amp; media ministries.<\/span><\/p>\n\n\t\t<\/div>\n\t<\/div>\n<\/div><\/div><\/div><div data-delay=\"300\" class=\"wpb_column vc_column_container vc_col-sm-4 vc_hidden-xs vc_col-has-fill hb-animate-element hb-fade-in\"><div class=\"vc_column-inner vc_custom_1489787789828\"><div class=\"wpb_wrapper\">\n\t<div class=\"wpb_text_column wpb_content_element\" >\n\t\t<div class=\"wpb_wrapper\">\n\t\t\t<p><img loading=\"lazy\" decoding=\"async\" class=\"size-full wp-image-85 aligncenter\" src=\"https:\/\/dagmartin.de\/wp-content\/uploads\/2016\/06\/apmedia.png\" alt=\"Short Update 08-2024\" width=\"100\" height=\"100\" \/><\/p>\n\n\t\t<\/div>\n\t<\/div>\n<p style=\"font-size: 22px;color: #ffffff;line-height: 32px;text-align: center;font-family:Roboto;font-weight:500;font-style:normal\" class=\"vc_custom_heading\" >AP Media<\/p>\n\t<div class=\"wpb_text_column wpb_content_element hb-max-80\" >\n\t\t<div class=\"wpb_wrapper\">\n\t\t\t<p style=\"text-align: center;\"><span style=\"color: #ffffff;\">We support AP Media in spreading the Gospel in different media ways.<\/span><\/p>\n\n\t\t<\/div>\n\t<\/div>\n<\/div><\/div><\/div><style type=\"text\/css\">.highend_vc_custom_1467189617853{background-color: #272b2f;}<\/style><\/div><\/div><\/div><div class=\"vc_row-full-width vc_clearfix\"><\/div><div class=\"vc_row element-row row vc_custom_1467222995228 highend_vc_custom_1467222995228\"><div class=\"wpb_column vc_column_container vc_col-sm-12 hb-animate-element hb-fade-in\"><div class=\"vc_column-inner vc_custom_1467299353575\"><div class=\"wpb_wrapper\"><h3 style=\"font-size: 48px;color: #0a0a0a;line-height: 56px;text-align: center;font-family:Playfair Display;font-weight:400;font-style:normal\" class=\"vc_custom_heading vc_custom_1489255957137\" >MANILA, PHILIPPINEN<\/h3><p style=\"font-size: 22px;color: #777777;line-height: 32px;text-align: center;font-family:Roboto;font-weight:300;font-style:normal\" class=\"vc_custom_heading\" >Become a part of history<\/p><div class=\"vc_btn3-container vc_btn3-center vc_do_btn\" ><a class=\"vc_general vc_btn3 vc_btn3-size-lg vc_btn3-shape-round vc_btn3-style-classic vc_btn3-color-primary\" href=\"https:\/\/dagmartin.de\/en\/spenden\/\" title=\"\">Support us<\/a><\/div><div class=\"shortcode-wrapper shortcode-separator clearfix\" ><div class=\"hb-separator extra-space\"><div class=\"hb-fw-separator\"><\/div><\/div><\/div><div class=\"vc_row element-row vc_inner row vc_custom_1489263433465\"><div class=\"wpb_column vc_column_container vc_col-sm-6\"><div class=\"vc_column-inner vc_custom_1489264617881\"><div class=\"wpb_wrapper\"><p style=\"font-size: 22px;color: #063982;line-height: 32px;text-align: left;font-family:Playfair Display;font-weight:400;font-style:normal\" class=\"vc_custom_heading\" >Hi, we are Dagmar, Martin with Joel and Naemi K\u00f6rber<\/p>\n\t<div class=\"wpb_text_column wpb_content_element\" >\n\t\t<div class=\"wpb_wrapper\">\n\t\t\t<p>In August 2019, we have been sent to the Philippines as VM-International missionaries. We are working  with missionaries from the Assemblies of God Missionary Fellowship. We sense God's call for us here in the Philippines to build \"Kingdom of God\" together with other missionaries. This call has developed over the years and we have seen God open doors and lead us to this place. We are glad and rejoice that we can do our ministry here.<\/p>\n<p>Today we do not know every detail, but we are firmly convinced that God will provide us with prayer partners, good friends and the necessary finances to make our mission successful. We invite you to become part of our history by supporting us, through prayer and if you can and want to through finances.<\/p>\n\n\t\t<\/div>\n\t<\/div>\n<\/div><\/div><\/div><div class=\"wpb_column vc_column_container vc_col-sm-6\"><div class=\"vc_column-inner vc_custom_1687252922265\"><div class=\"wpb_wrapper\"><div class=\"hb-no-frame  hb-max-80\"><span><a><img loading=\"lazy\" decoding=\"async\" src=\"https:\/\/dagmartin.de\/wp-content\/uploads\/2024\/07\/family_pic.png\" width=\"1024\" height=\"997\" alt=\"Image\"\/><\/a><\/span><\/div><\/div><\/div><\/div><\/div><\/div><\/div><\/div><style type=\"text\/css\">.highend_vc_custom_1467222995228{margin-bottom:-1px !important;}<\/style><\/div><div data-vc-full-width=\"true\" data-vc-full-width-init=\"false\" class=\"vc_row element-row row vc_custom_1489254131221 highend_vc_custom_1489254131221\"><div class=\"fw-content-wrap\"><div class=\"vc_row\"><div class=\"wpb_column vc_column_container vc_col-sm-6 vc_hidden-xs hb-animate-element hb-bottom-to-top\"><div class=\"vc_column-inner vc_custom_1489789343839\"><div class=\"wpb_wrapper\"><\/div><\/div><\/div><div class=\"wpb_column vc_column_container vc_col-sm-6 vc_col-has-fill\"><div class=\"vc_column-inner vc_custom_1489254642004\"><div class=\"wpb_wrapper\"><h3 style=\"font-size: 48px;color: #ffffff;line-height: 56px;text-align: left;font-family:Playfair Display;font-weight:400;font-style:normal\" class=\"vc_custom_heading vc_custom_1489254546851\" >Country &amp; People<\/h3>\n\t<div class=\"wpb_text_column wpb_content_element\" >\n\t\t<div class=\"wpb_wrapper\">\n\t\t\t<p><span style=\"color: #ffffff;\">Manila is the capital of the Philippines. More than 22 million people live in the Manila metropolitan region. Traffic's a mess. The many jeepneys and tricycles shape the image and form the public transport system. When you drive the jeepneys back and forth between the different neighborhoods, you can see the big difference in society. Some live in luxurious skyscrapers, but the majority of the people live in slums and earn less than one euro per day.<\/span><\/p>\n<p><span style=\"color: #ffffff;\">Historically, the Philippines has traded with China, India and the Middle East. Later they were occupied by the English, colonized by the Spaniards, ruled by Mexico, again occupied by Japan and were a US territory for almost 40 years. This makes the Philippines an exceptional country in East Asia and a strategic location to reach this region. About 80 % of the Philippinos belong to the Roman Catholic Church. Their faith is often combined with the traditional customs of the area, others practice animism and popular religions. Less than 10% are Protestant Christians. We want to use our experiences and talents to help advance the Gospel in this region.<\/span><\/p>\n\n\t\t<\/div>\n\t<\/div>\n<\/div><\/div><\/div><style type=\"text\/css\">.highend_vc_custom_1489254131221{background-image: url(https:\/\/dagmartin.de\/wp-content\/uploads\/2016\/06\/manila_small.jpg);background-size:cover;background-position:center;background-color: #878787;}<\/style><\/div><\/div><\/div><div class=\"vc_row-full-width vc_clearfix\"><\/div><div data-vc-full-width=\"true\" data-vc-full-width-init=\"false\" class=\"vc_row element-row row vc_custom_1489256019331 highend_vc_custom_1489256019331\"><div class=\"fw-content-wrap\"><div class=\"vc_row\"><div class=\"wpb_column vc_column_container vc_col-sm-12 hb-animate-element hb-fade-in\"><div class=\"vc_column-inner vc_custom_1467299366330\"><div class=\"wpb_wrapper\"><h3 style=\"font-size: 48px;color: #222222;line-height: 56px;text-align: center;font-family:Playfair Display;font-weight:400;font-style:normal\" class=\"vc_custom_heading vc_custom_1687252504996\" >Frauen und Kinder<\/h3><p style=\"font-size: 22px;color: #707070;line-height: 32px;text-align: center;font-family:Roboto;font-weight:300;font-style:normal\" class=\"vc_custom_heading\" >Frauen, Kindern und Familien Perspektive schenken<\/p><div class=\"shortcode-wrapper shortcode-spacer clearfix\"><div class=\"spacer\" style=\"height:40px;\"><\/div><\/div><div class=\"vc_row element-row vc_inner row vc_custom_1489255775144\"><div class=\"wpb_column vc_column_container vc_col-sm-6\"><div class=\"vc_column-inner vc_custom_1489255682407\"><div class=\"wpb_wrapper\"><div class=\"shortcode-wrapper shortcode-spacer clearfix\"><div class=\"spacer\" style=\"height:40px;\"><\/div><\/div>\n\t<div class=\"wpb_text_column wpb_content_element\" >\n\t\t<div class=\"wpb_wrapper\">\n\t\t\t<p>Dagmar ist Mutter aus Leidenschaft, aber neben der Familie investiert sie sich auch bei der Arbeit von You Shine. You Shine unterst\u00fctzt Frauen, die aus der Prostitution aussteigen m\u00f6chten, indem sie ihnen die Liebe Jesu zeigen, Unterst\u00fctzung bieten und ihnen eine Chance auf einen Neuanfang durch Ausbildung und sichere Unterkunft geben. Dagmar ist Teil dieses unglaublichen Teams und setzt sich mit Leidenschaft f\u00fcr die Bed\u00fcrfnisse dieser Frauen ein.<\/p>\n<p>Daneben unterst\u00fctzt sie verschiedene Kids-Feeding-Projekte, durch die Kinder mit Essen versorgt werden und eine Bibelgeschichte h\u00f6ren.<\/p>\n\n\t\t<\/div>\n\t<\/div>\n<\/div><\/div><\/div><div class=\"wpb_column vc_column_container vc_col-sm-6\"><div class=\"vc_column-inner\"><div class=\"wpb_wrapper\"><div class=\"hb-no-frame  hb-max-80\"><span><a><img loading=\"lazy\" decoding=\"async\" src=\"https:\/\/dagmartin.de\/wp-content\/uploads\/2023\/06\/dagmar-feeding.png\" width=\"522\" height=\"507\" alt=\"Image\"\/><\/a><\/span><\/div><\/div><\/div><\/div><\/div><\/div><\/div><\/div><\/div><\/div><\/div><div class=\"vc_row-full-width vc_clearfix\"><\/div><div data-vc-full-width=\"true\" data-vc-full-width-init=\"false\" class=\"vc_row element-row row vc_custom_1489788205119 vc_row-has-fill highend_vc_custom_1489788205119\"><div class=\"fw-content-wrap\"><div class=\"vc_row\"><div class=\"wpb_column vc_column_container vc_col-sm-6 vc_hidden-xs hb-animate-element hb-bottom-to-top\"><div class=\"vc_column-inner vc_custom_1489789304407\"><div class=\"wpb_wrapper\"><\/div><\/div><\/div><div class=\"wpb_column vc_column_container vc_col-sm-6 vc_col-has-fill\"><div class=\"vc_column-inner vc_custom_1489789296297\"><div class=\"wpb_wrapper\"><h3 style=\"font-size: 48px;color: #ffffff;line-height: 56px;text-align: left;font-family:Playfair Display;font-weight:400;font-style:normal\" class=\"vc_custom_heading vc_custom_1491509275246\" >Asia Pacific Media<\/h3>\n\t<div class=\"wpb_text_column wpb_content_element\" >\n\t\t<div class=\"wpb_wrapper\">\n\t\t\t<p><span style=\"color: #ffffff;\">\u201eAsia Pacific Media\u201c (APM) eine Organisation, bei der Martin sich mit seinen Erfahrungen als Mediengestalter einbringt. APM produziert Videos, Radioprogramme, Zeitschriften und Social Media Content, um das Evangelium auf zeitgerechte Art zu verbreiten. Daneben trainieren und unterst\u00fctzen sie Mitarbeiter in Gemeinden, eigene evangelistische Medienarbeiten aufzubauen und zu betreiben. In der Medienarbeit geht es nicht darum nur zu lernen welche Kn\u00f6pfe man dr\u00fccken muss. Es ist Bef\u00e4higung und Ermutigung das Evangelium in einer kulturrelevanten Art und Weise weiterzugeben. Das ist die Basis unserer Mission, Gottes gute Botschaft bekannt zu machen.<\/span><\/p>\n\n\t\t<\/div>\n\t<\/div>\n<\/div><\/div><\/div><style type=\"text\/css\">.highend_vc_custom_1489788205119{background-image: url(https:\/\/dagmartin.de\/wp-content\/uploads\/2016\/06\/apmedia.jpg);background-size:cover;background-position:center;background-color: #878787;}<\/style><\/div><\/div><\/div><div class=\"vc_row-full-width vc_clearfix\"><\/div><div class=\"vc_row element-row row highend_69fb3c0a909b5\"><div class=\"wpb_column vc_column_container vc_col-sm-12 hb-animate-element hb-fade-in\"><div class=\"vc_column-inner vc_custom_1467299388281\"><div class=\"wpb_wrapper\"><h3 style=\"font-size: 48px;color: #222222;line-height: 56px;text-align: center;font-family:Playfair Display;font-weight:400;font-style:normal\" class=\"vc_custom_heading vc_custom_1489265663930\" >News<\/h3><p style=\"font-size: 22px;color: #777777;line-height: 32px;text-align: center;font-family:Roboto;font-weight:300;font-style:normal\" class=\"vc_custom_heading\" >our Story<\/p><div class=\"shortcode-wrapper shortcode-blog-boxes\"><div class=\"row\"><div class=\"col-4\"><div class=\"hb-blog-box\"><div class=\"hb-blog-box-header\"><a href=\"https:\/\/dagmartin.de\/en\/news-12-24\/\"><img loading=\"lazy\" decoding=\"async\" width=\"600\" height=\"400\" src=\"https:\/\/dagmartin.de\/wp-content\/uploads\/2024\/12\/Family-News-600x400.jpg\" alt=\"Short Update 08-2024\"><\/a><\/div><div class=\"hb-blog-box-content\"><div class=\"hb-blog-box-title\"><h3><a href=\"https:\/\/dagmartin.de\/en\/news-12-24\/\">Newsletter 12-2024<\/a><\/h3><\/div><\/div><div class=\"hb-blog-box-footer clearfix\"><span class=\"hb-blog-box-date\">12. December 2024<\/span><span class=\"hb-blog-box-read-more\"><a href=\"https:\/\/dagmartin.de\/en\/news-12-24\/\" class=\"hb-special-read-more\">Read More<span><i class=\"hb-moon-arrow-right-5\"><\/i><\/span><\/a><\/span><\/div><\/div><\/div><div class=\"col-4\"><div class=\"hb-blog-box\"><div class=\"hb-blog-box-header\"><a href=\"https:\/\/dagmartin.de\/en\/short-update-09-2024\/\"><img loading=\"lazy\" decoding=\"async\" width=\"600\" height=\"400\" src=\"https:\/\/dagmartin.de\/wp-content\/uploads\/2024\/09\/Eindruecke-des-ersten-Monats-Newsletter-Dagmartin-600x400.jpg\" alt=\"Short Update 08-2024\"><\/a><\/div><div class=\"hb-blog-box-content\"><div class=\"hb-blog-box-title\"><h3><a href=\"https:\/\/dagmartin.de\/en\/short-update-09-2024\/\">Short Update 09-2024<\/a><\/h3><\/div><\/div><div class=\"hb-blog-box-footer clearfix\"><span class=\"hb-blog-box-date\">19. September 2024<\/span><span class=\"hb-blog-box-read-more\"><a href=\"https:\/\/dagmartin.de\/en\/short-update-09-2024\/\" class=\"hb-special-read-more\">Read More<span><i class=\"hb-moon-arrow-right-5\"><\/i><\/span><\/a><\/span><\/div><\/div><\/div><div class=\"col-4\"><div class=\"hb-blog-box\"><div class=\"hb-blog-box-header\"><a href=\"https:\/\/dagmartin.de\/en\/short-update-08-2024\/\"><img loading=\"lazy\" decoding=\"async\" width=\"600\" height=\"400\" src=\"https:\/\/dagmartin.de\/wp-content\/uploads\/2024\/08\/goodbye-600x400.jpg\" alt=\"Short Update 08-2024\"><\/a><\/div><div class=\"hb-blog-box-content\"><div class=\"hb-blog-box-title\"><h3><a href=\"https:\/\/dagmartin.de\/en\/short-update-08-2024\/\">Short Update 08-2024<\/a><\/h3><\/div><\/div><div class=\"hb-blog-box-footer clearfix\"><span class=\"hb-blog-box-date\">6. August 2024<\/span><span class=\"hb-blog-box-read-more\"><a href=\"https:\/\/dagmartin.de\/en\/short-update-08-2024\/\" class=\"hb-special-read-more\">Read More<span><i class=\"hb-moon-arrow-right-5\"><\/i><\/span><\/a><\/span><\/div><\/div><\/div><\/div><\/div><\/div><\/div><\/div><\/div>\n<\/div>","protected":false},"excerpt":{"rendered":"Liebe Freunde, Unterst\u00fctzer und Gemeinden, am letzten Montag sind wir nach Manila geflogen. Zum Abschied haben uns neben unseren Familien, [...]","protected":false},"author":1,"featured_media":0,"parent":0,"menu_order":0,"comment_status":"closed","ping_status":"closed","template":"","meta":{"footnotes":""},"class_list":["post-5","page","type-page","status-publish","hentry"],"_links":{"self":[{"href":"https:\/\/dagmartin.de\/en\/wp-json\/wp\/v2\/pages\/5","targetHints":{"allow":["GET"]}}],"collection":[{"href":"https:\/\/dagmartin.de\/en\/wp-json\/wp\/v2\/pages"}],"about":[{"href":"https:\/\/dagmartin.de\/en\/wp-json\/wp\/v2\/types\/page"}],"author":[{"embeddable":true,"href":"https:\/\/dagmartin.de\/en\/wp-json\/wp\/v2\/users\/1"}],"replies":[{"embeddable":true,"href":"https:\/\/dagmartin.de\/en\/wp-json\/wp\/v2\/comments?post=5"}],"version-history":[{"count":2,"href":"https:\/\/dagmartin.de\/en\/wp-json\/wp\/v2\/pages\/5\/revisions"}],"predecessor-version":[{"id":820,"href":"https:\/\/dagmartin.de\/en\/wp-json\/wp\/v2\/pages\/5\/revisions\/820"}],"wp:attachment":[{"href":"https:\/\/dagmartin.de\/en\/wp-json\/wp\/v2\/media?parent=5"}],"curies":[{"name":"wp","href":"https:\/\/api.w.org\/{rel}","templated":true}]}}