{"id":859,"date":"2025-10-10T04:24:13","date_gmt":"2025-10-10T02:24:13","guid":{"rendered":"https:\/\/www.dagmartin.de\/?page_id=859"},"modified":"2025-10-10T15:22:55","modified_gmt":"2025-10-10T13:22:55","slug":"newsletter","status":"publish","type":"page","link":"https:\/\/dagmartin.de\/en\/newsletter\/","title":{"rendered":"Newsletter"},"content":{"rendered":"<div class=\"wpb-content-wrapper\"><div class=\"vc_row element-row row highend_69f386efdc97d\"><div class=\"wpb_column vc_column_container vc_col-sm-12\"><div class=\"vc_column-inner\"><div class=\"wpb_wrapper\"><\/div><\/div><\/div><\/div><div class=\"vc_row element-row row vc_custom_1617971681309 highend_vc_custom_1617971681309\"><div class=\"wpb_column vc_column_container vc_col-sm-12 hb-animate-element hb-fade-in\"><div class=\"vc_column-inner vc_custom_1467299353575\"><div class=\"wpb_wrapper\"><h3 style=\"font-size: 48px;color: #0a0a0a;line-height: 56px;text-align: center;font-family:Playfair Display;font-weight:400;font-style:normal\" class=\"vc_custom_heading vc_custom_1617972831734\" >NEWSLETTER ANMELDEN<\/h3><p style=\"font-size: 22px;color: #777777;line-height: 32px;text-align: center;font-family:Roboto;font-weight:300;font-style:normal\" class=\"vc_custom_heading\" >Habe Teil an unserer Geschichte<\/p><div class=\"shortcode-wrapper shortcode-separator clearfix\" ><div class=\"hb-separator extra-space\"><div class=\"hb-fw-separator\"><\/div><\/div><\/div><\/div><\/div><\/div><style type=\"text\/css\">.highend_vc_custom_1617971681309{margin-bottom:-1px !important;}<\/style><\/div><div class=\"vc_row element-row row highend_69f386efddff4\"><div class=\"wpb_column vc_column_container vc_col-sm-12\"><div class=\"vc_column-inner\"><div class=\"wpb_wrapper\">\n\t<div class=\"wpb_text_column wpb_content_element\" >\n\t\t<div class=\"wpb_wrapper\">\n\t\t\t<p><img loading=\"lazy\" decoding=\"async\" class=\"aligncenter wp-image-631\" src=\"https:\/\/dagmartin.de\/wp-content\/uploads\/2021\/04\/Steps_Zeichenflaeche-1.png\" alt=\"Short Update 08-2024\" width=\"400\" height=\"87\" srcset=\"https:\/\/dagmartin.de\/wp-content\/uploads\/2021\/04\/Steps_Zeichenflaeche-1.png 883w, https:\/\/dagmartin.de\/wp-content\/uploads\/2021\/04\/Steps_Zeichenflaeche-1-300x65.png 300w, https:\/\/dagmartin.de\/wp-content\/uploads\/2021\/04\/Steps_Zeichenflaeche-1-768x167.png 768w, https:\/\/dagmartin.de\/wp-content\/uploads\/2021\/04\/Steps_Zeichenflaeche-1-16x3.png 16w\" sizes=\"auto, (max-width: 400px) 100vw, 400px\" \/><\/p>\n\n\t\t<\/div>\n\t<\/div>\n<\/div><\/div><\/div><\/div><div class=\"vc_row element-row row highend_69f386efde953\"><div class=\"wpb_column vc_column_container vc_col-sm-3\"><div class=\"vc_column-inner\"><div class=\"wpb_wrapper\"><\/div><\/div><\/div><div class=\"wpb_column vc_column_container vc_col-sm-6\"><div class=\"vc_column-inner\"><div class=\"wpb_wrapper\">\n\t<div class=\"wpb_raw_code wpb_raw_html wpb_content_element\" >\n\t\t<div class=\"wpb_wrapper\">\n\t\t\t<script src=\"https:\/\/www.google.com\/recaptcha\/api.js?render=6LcRd9QrAAAAAN_Ab0MPrKNPIPydM0usoCJLtr7D\"><\/script>\n<form id=\"newsletterForm\" action=\"\/mailwizz\/dagmartin\/register.php\" method=\"post\" data-trp-original-action=\"\/mailwizz\/dagmartin\/register.php\">\n  <div style=\"position: absolute; left: -5000px;\" aria-hidden=\"true\">\n    <input type=\"text\" name=\"hp_field\" tabindex=\"-1\" autocomplete=\"off\" inputmode=\"text\">\n  <\/div>\n\n  <div class=\"form-group field-text wrap-fname\">\n    <input class=\"form-control field-bot_protect field-type-text\" placeholder=\"First name\" type=\"text\" name=\"bot_protect\" id=\"bot_protect\">\n  <\/div>\n  <br>\n\n  <div class=\"form-group field-text wrap-lname\">\n    <input class=\"form-control field-bot_name field-type-text\" placeholder=\"Last name\" type=\"text\" name=\"bot_name\" id=\"bot_name\">\n  <\/div>\n  <br>\n\n  <div class=\"form-group field-text wr sap-email\">\n    <input class=\"form-control field-email field-type-text\" placeholder=\"Email*\" type=\"email\" name=\"EMAIL\" id=\"email\" required>\n  <\/div>\n  <br>\n\n  <!-- Filled by JS on page load -->\n  <input type=\"hidden\" name=\"form_start_time\" id=\"form_start_time\">\n\n  <!-- Optional: reCAPTCHA v3 token (only if you enable server-side validation) -->\n  <input type=\"hidden\" id=\"g-token\" name=\"g-token\">\n\n  <div class=\"pull-right\">\n    <input type=\"submit\" class=\"btn btn-primary btn-flat\" name=\"subscribe\" value=\"Anmelden\">\n  <\/div>\n  <div class=\"clearfix\"><\/div>\n<input type=\"hidden\" name=\"trp-form-language\" value=\"en\"\/><\/form>\n\n<script>\n  (function() {\n    var el = document.getElementById('form_start_time');\n    if (el) {\n      el.value = Math.floor(Date.now() \/ 1000);\n    }\n\n    var siteKey = '6LcRd9QrAAAAAN_Ab0MPrKNPIPydM0usoCJLtr7D';\n    function requestRecaptchaToken(onComplete) {\n      if (siteKey === 'YOUR_RECAPTCHA_SITE_KEY') {\n        return;\n      }\n      if (typeof window.grecaptcha === 'undefined' || typeof window.grecaptcha.ready !== 'function') {\n        window.setTimeout(function () {\n          requestRecaptchaToken(onComplete);\n        }, 200);\n        return;\n      }\n      window.grecaptcha.ready(function () {\n        window.grecaptcha.execute(siteKey, { action: 'subscribe' }).then(function (token) {\n          var gt = document.getElementById('g-token');\n          if (gt) {\n            gt.value = token;\n          }\n          if (typeof onComplete === 'function') {\n            onComplete(token);\n          }\n        }, function () {\n          window.setTimeout(function () {\n            requestRecaptchaToken(onComplete);\n          }, 500);\n        });\n      });\n    }\n    requestRecaptchaToken();\n\n    var form = document.getElementById('newsletterForm');\n    if (form) {\n      form.setAttribute('method', 'post');\n      form.setAttribute('action', '\/mailwizz\/dagmartin\/register.php');\n      form.addEventListener('submit', function (event) {\n        var gt = document.getElementById('g-token');\n        var token = gt ? gt.value : '';\n        if (!token) {\n          event.preventDefault();\n          requestRecaptchaToken(function () {\n            if (gt && gt.value) {\n              form.submit();\n            }\n          });\n        }\n      });\n    }\n  })();\n<\/script>\n\n\t\t<\/div>\n\t<\/div>\n<\/div><\/div><\/div><div class=\"wpb_column vc_column_container vc_col-sm-3\"><div class=\"vc_column-inner\"><div class=\"wpb_wrapper\"><\/div><\/div><\/div><\/div><div class=\"vc_row element-row row highend_69f386efdf80e\"><div class=\"wpb_column vc_column_container vc_col-sm-12\"><div class=\"vc_column-inner\"><div class=\"wpb_wrapper\">\n\t<div class=\"wpb_raw_code wpb_raw_js\" >\n\t\t<div class=\"wpb_wrapper\">\n\t\t\t <script>\n \n        grecaptcha.ready(function() {\n          grecaptcha.execute('6LdtL6EaAAAAAJH8N9uXhgUTP3sJ6_cUpEcwRkEV', {action: 'submit'}).then(function(token) {\n              document.getElementById(\"g-token\").value = token;\n          });\n        });\n      \n  <\/script>\n\t\t<\/div>\n\t<\/div>\n\n\t<div class=\"wpb_text_column wpb_content_element\" >\n\t\t<div class=\"wpb_wrapper\">\n\t\t\t<p style=\"text-align: center;\">Ich bin damit einverstanden, dass mir Dagmar und Martin K\u00f6rber per E-Mail aktuelle Informationen \u00fcber ihr Projekt auf den Philippinen zusenden. Ich kann diese Einwilligung jederzeit \u00fcber einen Link am Ende jeder E-Mail widerrufen. Weiter Infos finden Sie in unter <a href=\"https:\/\/dagmartin.de\/en\/datenschutz\/\">data privacy<\/a>.<\/p>\n\n\t\t<\/div>\n\t<\/div>\n<div class=\"vc_separator wpb_content_element vc_separator_align_center vc_sep_width_100 vc_sep_pos_align_center vc_separator_no_text vc_sep_color_grey wpb_content_element  wpb_content_element\" ><span class=\"vc_sep_holder vc_sep_holder_l\"><span class=\"vc_sep_line\"><\/span><\/span><span class=\"vc_sep_holder vc_sep_holder_r\"><span class=\"vc_sep_line\"><\/span><\/span>\n<\/div>\n\t<div class=\"wpb_text_column wpb_content_element\" >\n\t\t<div class=\"wpb_wrapper\">\n\t\t\t<h2 style=\"text-align: center;\">Unsere bisherigen Newsletter<\/h2>\n<p style=\"text-align: center;\">zum reinschnuppern<\/p>\n\n\t\t<\/div>\n\t<\/div>\n<div class=\"shortcode-wrapper shortcode-blog-boxes\"><div class=\"row\"><div class=\"col-4\"><div class=\"hb-blog-box\"><div class=\"hb-blog-box-header\"><a href=\"https:\/\/dagmartin.de\/en\/news-12-24\/\"><img loading=\"lazy\" decoding=\"async\" width=\"600\" height=\"400\" src=\"https:\/\/dagmartin.de\/wp-content\/uploads\/2024\/12\/Family-News-600x400.jpg\" alt=\"Short Update 08-2024\"><\/a><\/div><div class=\"hb-blog-box-content\"><div class=\"hb-blog-box-title\"><h3><a href=\"https:\/\/dagmartin.de\/en\/news-12-24\/\">Newsletter 12-2024<\/a><\/h3><\/div><\/div><div class=\"hb-blog-box-footer clearfix\"><span class=\"hb-blog-box-date\">12. December 2024<\/span><span class=\"hb-blog-box-read-more\"><a href=\"https:\/\/dagmartin.de\/en\/news-12-24\/\" class=\"hb-special-read-more\">Read More<span><i class=\"hb-moon-arrow-right-5\"><\/i><\/span><\/a><\/span><\/div><\/div><\/div><div class=\"col-4\"><div class=\"hb-blog-box\"><div class=\"hb-blog-box-header\"><a href=\"https:\/\/dagmartin.de\/en\/short-update-09-2024\/\"><img loading=\"lazy\" decoding=\"async\" width=\"600\" height=\"400\" src=\"https:\/\/dagmartin.de\/wp-content\/uploads\/2024\/09\/Eindruecke-des-ersten-Monats-Newsletter-Dagmartin-600x400.jpg\" alt=\"Short Update 08-2024\"><\/a><\/div><div class=\"hb-blog-box-content\"><div class=\"hb-blog-box-title\"><h3><a href=\"https:\/\/dagmartin.de\/en\/short-update-09-2024\/\">Short Update 09-2024<\/a><\/h3><\/div><\/div><div class=\"hb-blog-box-footer clearfix\"><span class=\"hb-blog-box-date\">19. September 2024<\/span><span class=\"hb-blog-box-read-more\"><a href=\"https:\/\/dagmartin.de\/en\/short-update-09-2024\/\" class=\"hb-special-read-more\">Read More<span><i class=\"hb-moon-arrow-right-5\"><\/i><\/span><\/a><\/span><\/div><\/div><\/div><div class=\"col-4\"><div class=\"hb-blog-box\"><div class=\"hb-blog-box-header\"><a href=\"https:\/\/dagmartin.de\/en\/short-update-08-2024\/\"><img loading=\"lazy\" decoding=\"async\" width=\"600\" height=\"400\" src=\"https:\/\/dagmartin.de\/wp-content\/uploads\/2024\/08\/goodbye-600x400.jpg\" alt=\"Short Update 08-2024\"><\/a><\/div><div class=\"hb-blog-box-content\"><div class=\"hb-blog-box-title\"><h3><a href=\"https:\/\/dagmartin.de\/en\/short-update-08-2024\/\">Short Update 08-2024<\/a><\/h3><\/div><\/div><div class=\"hb-blog-box-footer clearfix\"><span class=\"hb-blog-box-date\">6. August 2024<\/span><span class=\"hb-blog-box-read-more\"><a href=\"https:\/\/dagmartin.de\/en\/short-update-08-2024\/\" class=\"hb-special-read-more\">Read More<span><i class=\"hb-moon-arrow-right-5\"><\/i><\/span><\/a><\/span><\/div><\/div><\/div><\/div><\/div><\/div><\/div><\/div><\/div><div class=\"vc_row element-row row highend_69f386efe269f\"><div class=\"wpb_column vc_column_container vc_col-sm-12\"><div class=\"vc_column-inner\"><div class=\"wpb_wrapper\"><\/div><\/div><\/div><\/div>\n<\/div>","protected":false},"excerpt":{"rendered":"Liebe Freunde, Unterst\u00fctzer und Gemeinden, am letzten Montag sind wir nach Manila geflogen. Zum Abschied haben uns neben unseren Familien, [...]","protected":false},"author":1,"featured_media":0,"parent":0,"menu_order":0,"comment_status":"closed","ping_status":"closed","template":"","meta":{"footnotes":""},"class_list":["post-859","page","type-page","status-publish","hentry"],"_links":{"self":[{"href":"https:\/\/dagmartin.de\/en\/wp-json\/wp\/v2\/pages\/859","targetHints":{"allow":["GET"]}}],"collection":[{"href":"https:\/\/dagmartin.de\/en\/wp-json\/wp\/v2\/pages"}],"about":[{"href":"https:\/\/dagmartin.de\/en\/wp-json\/wp\/v2\/types\/page"}],"author":[{"embeddable":true,"href":"https:\/\/dagmartin.de\/en\/wp-json\/wp\/v2\/users\/1"}],"replies":[{"embeddable":true,"href":"https:\/\/dagmartin.de\/en\/wp-json\/wp\/v2\/comments?post=859"}],"version-history":[{"count":2,"href":"https:\/\/dagmartin.de\/en\/wp-json\/wp\/v2\/pages\/859\/revisions"}],"predecessor-version":[{"id":897,"href":"https:\/\/dagmartin.de\/en\/wp-json\/wp\/v2\/pages\/859\/revisions\/897"}],"wp:attachment":[{"href":"https:\/\/dagmartin.de\/en\/wp-json\/wp\/v2\/media?parent=859"}],"curies":[{"name":"wp","href":"https:\/\/api.w.org\/{rel}","templated":true}]}}